 {"id":2736,"date":"2017-04-12T13:53:52","date_gmt":"2017-04-12T13:53:52","guid":{"rendered":"https:\/\/lactantia.ca\/?page_id=2736"},"modified":"2017-04-12T13:57:52","modified_gmt":"2017-04-12T13:57:52","slug":"abonnez-vous-a-notre-bulletin","status":"publish","type":"page","link":"https:\/\/lactantia.ca\/fr\/abonnez-vous-a-notre-bulletin\/","title":{"rendered":"Abonnez-vous \u00e0 notre bulletin"},"content":{"rendered":"<p>Soyez le premier \u00e0 conna\u00eetre les nouveaux produits, les promotions et les offres sp\u00e9ciales!<\/p>\n","protected":false},"excerpt":{"rendered":"<p>Soyez le premier \u00e0 conna\u00eetre les nouveaux produits, les promotions et les offres sp\u00e9ciales!<\/p>\n","protected":false},"author":5,"featured_media":0,"parent":0,"menu_order":0,"comment_status":"closed","ping_status":"closed","template":"","meta":{"inline_featured_image":false,"footnotes":""},"acf":[],"aioseo_notices":[],"_links":{"self":[{"href":"https:\/\/lactantia.ca\/fr\/wp-json\/wp\/v2\/pages\/2736"}],"collection":[{"href":"https:\/\/lactantia.ca\/fr\/wp-json\/wp\/v2\/pages"}],"about":[{"href":"https:\/\/lactantia.ca\/fr\/wp-json\/wp\/v2\/types\/page"}],"author":[{"embeddable":true,"href":"https:\/\/lactantia.ca\/fr\/wp-json\/wp\/v2\/users\/5"}],"replies":[{"embeddable":true,"href":"https:\/\/lactantia.ca\/fr\/wp-json\/wp\/v2\/comments?post=2736"}],"version-history":[{"count":1,"href":"https:\/\/lactantia.ca\/fr\/wp-json\/wp\/v2\/pages\/2736\/revisions"}],"predecessor-version":[{"id":2737,"href":"https:\/\/lactantia.ca\/fr\/wp-json\/wp\/v2\/pages\/2736\/revisions\/2737"}],"wp:attachment":[{"href":"https:\/\/lactantia.ca\/fr\/wp-json\/wp\/v2\/media?parent=2736"}],"curies":[{"name":"wp","href":"https:\/\/api.w.org\/{rel}","templated":true}]}}